{"id":26,"date":"2015-10-17T20:55:28","date_gmt":"2015-10-17T19:55:28","guid":{"rendered":"http:\/\/uaportail.fr\/holodomor\/?page_id=26"},"modified":"2015-11-15T20:11:48","modified_gmt":"2015-11-15T20:11:48","slug":"liturgie","status":"publish","type":"page","link":"https:\/\/uaportail.fr\/holodomor\/liturgie\/","title":{"rendered":"Liturgie"},"content":{"rendered":"<p>A <strong>17h30<\/strong> dans la Chapelle de l&rsquo;Universit\u00e9 Catholique en m\u00e9moire des victimes du Holodomor, aura lieu\u00a0<a href=\"http:\/\/www.crypte.fr\/liturgiestjeanchr.html\"><strong>\u00a0La Divine Liturgie de St. Jean Chrysostome <\/strong><\/a> pr\u00e9sid\u00e9e par: <a href=\"https:\/\/fr.wikipedia.org\/wiki\/Borys_Gudziak\"><strong>Mgr. Borys GUDZIAK<\/strong><\/a>, Eparque de l&rsquo;\u00c9parchie de St.Volodymyr-le-Grand pour les Ukrainiens de<a href=\"https:\/\/fr.wikipedia.org\/wiki\/Rite_byzantin\"> rite byzantin<\/a> de France et <a href=\"https:\/\/fr.wikipedia.org\/wiki\/Laurent_Ulrich\"><strong>Mgr. Laurent ULRICH<\/strong><\/a>, Archev\u00eaque de Lille.<\/p>\n<p><img loading=\"lazy\" src=\"https:\/\/scontent-frt3-1.xx.fbcdn.net\/hphotos-xfa1\/t31.0-8\/12194811_10153731461327500_5947713316236409264_o.jpg\" width=\"2000\" height=\"1333\" class=\"alignnone\" \/><\/p>\n","protected":false},"excerpt":{"rendered":"<p>A 17h30 dans la Chapelle de l&rsquo;Universit\u00e9 Catholique en m\u00e9moire des victimes du Holodomor, aura lieu\u00a0\u00a0La Divine Liturgie de St. Jean Chrysostome pr\u00e9sid\u00e9e par: Mgr. Borys GUDZIAK, Eparque de l&rsquo;\u00c9parchie de St.Volodymyr-le-Grand pour les Ukrainiens de rite byzantin de France et Mgr. Laurent ULRICH, Archev\u00eaque de Lille.<\/p>\n","protected":false},"author":1,"featured_media":0,"parent":0,"menu_order":0,"comment_status":"closed","ping_status":"closed","template":"","meta":[],"_links":{"self":[{"href":"https:\/\/uaportail.fr\/holodomor\/wp-json\/wp\/v2\/pages\/26"}],"collection":[{"href":"https:\/\/uaportail.fr\/holodomor\/wp-json\/wp\/v2\/pages"}],"about":[{"href":"https:\/\/uaportail.fr\/holodomor\/wp-json\/wp\/v2\/types\/page"}],"author":[{"embeddable":true,"href":"https:\/\/uaportail.fr\/holodomor\/wp-json\/wp\/v2\/users\/1"}],"replies":[{"embeddable":true,"href":"https:\/\/uaportail.fr\/holodomor\/wp-json\/wp\/v2\/comments?post=26"}],"version-history":[{"count":9,"href":"https:\/\/uaportail.fr\/holodomor\/wp-json\/wp\/v2\/pages\/26\/revisions"}],"predecessor-version":[{"id":134,"href":"https:\/\/uaportail.fr\/holodomor\/wp-json\/wp\/v2\/pages\/26\/revisions\/134"}],"wp:attachment":[{"href":"https:\/\/uaportail.fr\/holodomor\/wp-json\/wp\/v2\/media?parent=26"}],"curies":[{"name":"wp","href":"https:\/\/api.w.org\/{rel}","templated":true}]}}