{"id":24,"date":"2015-10-17T20:54:48","date_gmt":"2015-10-17T19:54:48","guid":{"rendered":"http:\/\/uaportail.fr\/holodomor\/?page_id=24"},"modified":"2015-11-18T21:34:03","modified_gmt":"2015-11-18T21:34:03","slug":"exposition","status":"publish","type":"page","link":"https:\/\/uaportail.fr\/holodomor\/exposition\/","title":{"rendered":"EXPOSITION"},"content":{"rendered":"<div class=\"su-row\"><div class=\"su-column su-column-size-1-2\"><div class=\"su-column-inner su-u-clearfix su-u-trim\">\n<h4>du 14 \u00a0au 20 Novembre<\/h4>\n<p>dans le Grand Hall\u00a0de l&rsquo;Universit\u00e9 catholique de Lille<br \/>\n<a href=\"http:\/\/uaportail.fr\/holodomor\/wp-content\/uploads\/sites\/9\/2015\/10\/Holodomor_web.pdf\"><img loading=\"lazy\" class=\"alignleft wp-image-114 size-medium\" src=\"http:\/\/uaportail.fr\/holodomor\/wp-content\/uploads\/sites\/9\/2015\/10\/Holodomor_title-213x300.jpg\" alt=\"Holodomor_title\" width=\"213\" height=\"300\" srcset=\"https:\/\/uaportail.fr\/holodomor\/wp-content\/uploads\/sites\/9\/2015\/10\/Holodomor_title-213x300.jpg 213w, https:\/\/uaportail.fr\/holodomor\/wp-content\/uploads\/sites\/9\/2015\/10\/Holodomor_title-728x1024.jpg 728w, https:\/\/uaportail.fr\/holodomor\/wp-content\/uploads\/sites\/9\/2015\/10\/Holodomor_title.jpg 871w\" sizes=\"(max-width: 213px) 100vw, 213px\" \/><\/a><\/p>\n<h5>\u201cLe HOLODOMOR &#8211; la grande famine ukrainienne, causes et consequences\u201d<\/h5>\n<p>L&rsquo;Exposition est r\u00e9alis\u00e9e \u00e0 partir de l&rsquo;exposition \u00ab\u00a0La r\u00e9sistance ukrainienne et le Holodomor\u00a0\u00bb par\u00a0l&rsquo;Institut de la M\u00e9moire Nationale de l&rsquo;Ukraine en 2014 et se base sur les archives du KGB r\u00e9cemment ouvertes par le Parlement ukrainien.<br \/>\n<a href=\"http:\/\/uaportail.fr\/holodomor\/wp-content\/uploads\/sites\/9\/2015\/10\/Holodomor_web.pdf\">Fichier PDF<\/a> de brochure.<br \/>\n<\/div><\/div>\n<div class=\"su-column su-column-size-1-2\"><div class=\"su-column-inner su-u-clearfix su-u-trim\">\n<img loading=\"lazy\" class=\"alignleft\" src=\"https:\/\/scontent-frt3-1.xx.fbcdn.net\/hphotos-xpa1\/t31.0-8\/12247943_10153731493522500_2133125830654598625_o.jpg\" alt=\"\" width=\"2000\" height=\"1333\" \/><br \/>\n<\/div><\/div>\n<\/div>\n<div class=\"su-row\"><div class=\"su-column su-column-size-1-2\"><div class=\"su-column-inner su-u-clearfix su-u-trim\">\n<img loading=\"lazy\" class=\"alignleft\" src=\"https:\/\/scontent-frt3-1.xx.fbcdn.net\/hphotos-xpf1\/v\/t1.0-9\/11204460_697728063661435_6340499952720727775_n.jpg?oh=2c6994828835b17bdbf65182100c7cbc&amp;oe=56F5C385\" alt=\"\" width=\"960\" height=\"540\" \/><br \/>\n<\/div><\/div>\n<div class=\"su-column su-column-size-1-2\"><div class=\"su-column-inner su-u-clearfix su-u-trim\">\n<img loading=\"lazy\" class=\"alignnone\" src=\"https:\/\/scontent-frt3-1.xx.fbcdn.net\/hphotos-xat1\/v\/t1.0-9\/12241286_697728096994765_5636959258058452832_n.jpg?oh=b889889a80943fa7e86c858321bd25d2&amp;oe=56F24E13\" alt=\"\" width=\"960\" height=\"540\" \/><br \/>\n<\/div><\/div>\n<\/div>\n","protected":false},"excerpt":{"rendered":"","protected":false},"author":1,"featured_media":0,"parent":0,"menu_order":0,"comment_status":"closed","ping_status":"open","template":"","meta":[],"_links":{"self":[{"href":"https:\/\/uaportail.fr\/holodomor\/wp-json\/wp\/v2\/pages\/24"}],"collection":[{"href":"https:\/\/uaportail.fr\/holodomor\/wp-json\/wp\/v2\/pages"}],"about":[{"href":"https:\/\/uaportail.fr\/holodomor\/wp-json\/wp\/v2\/types\/page"}],"author":[{"embeddable":true,"href":"https:\/\/uaportail.fr\/holodomor\/wp-json\/wp\/v2\/users\/1"}],"replies":[{"embeddable":true,"href":"https:\/\/uaportail.fr\/holodomor\/wp-json\/wp\/v2\/comments?post=24"}],"version-history":[{"count":18,"href":"https:\/\/uaportail.fr\/holodomor\/wp-json\/wp\/v2\/pages\/24\/revisions"}],"predecessor-version":[{"id":138,"href":"https:\/\/uaportail.fr\/holodomor\/wp-json\/wp\/v2\/pages\/24\/revisions\/138"}],"wp:attachment":[{"href":"https:\/\/uaportail.fr\/holodomor\/wp-json\/wp\/v2\/media?parent=24"}],"curies":[{"name":"wp","href":"https:\/\/api.w.org\/{rel}","templated":true}]}}